{"id":937,"date":"2022-09-27T14:23:43","date_gmt":"2022-09-27T17:23:43","guid":{"rendered":"https:\/\/isfdmburucuya-crr.infd.edu.ar\/sitio\/?page_id=937"},"modified":"2023-04-26T22:26:46","modified_gmt":"2023-04-27T01:26:46","slug":"prof-de-educ-sec-en-matematica","status":"publish","type":"page","link":"https:\/\/isfdmburucuya-crr.infd.edu.ar\/sitio\/prof-de-educ-sec-en-matematica\/","title":{"rendered":"Profesorado de Educaci\u00f3n Secundaria en Matem\u00e1tica"},"content":{"rendered":"\n<h5 class=\"wp-block-heading\">Perfil del Egresado<\/h5>\n\n\n\n<p>El Egresado del Profesorado de Educaci\u00f3n Secundaria en Matem\u00e1tica podr\u00e1 ejercer el rol docente de la especialidad Matem\u00e1tica en todas las instituciones educativas del Sistema Educativo Nacional, en el \u00e1mbito estatal y privado, en todo el territorio de la Rep\u00fablica Argentina.<\/p>\n\n\n\n<h5 class=\"wp-block-heading\">Dise\u00f1o Curricular.<\/h5>\n\n\n\n<figure class=\"wp-block-image is-resized\"><a href=\"http:\/\/www.dgescorrientes.net\/discur\/DisCurricular-Matematica-Res-4658-2015.pdf\" target=\"_blank\" rel=\"noopener\"><img decoding=\"async\" loading=\"lazy\" src=\"https:\/\/isfdmburucuya-crr.infd.edu.ar\/sitio\/wp-content\/uploads\/2022\/10\/07270110f32db5b5cba709d8c4294b1f.png\" alt=\"La imagen tiene un atributo ALT vac\u00edo; su nombre de archivo es 07270110f32db5b5cba709d8c4294b1f.png\" width=\"128\" height=\"128\"\/><\/a><\/figure>\n\n\n\n<p><strong>Duraci\u00f3n:<\/strong> 4 a\u00f1os<\/p>\n\n\n\n<p><strong>Horario de Cursado:<\/strong> de 18:20 a 23:20 Hs.<\/p>\n","protected":false},"excerpt":{"rendered":"<p>Perfil del Egresado El Egresado del Profesorado de Educaci\u00f3n Secundaria en Matem\u00e1tica podr\u00e1 ejercer el rol docente de la especialidad Matem\u00e1tica en todas las instituciones educativas del Sistema Educativo Nacional, en el \u00e1mbito estatal y privado, en todo el territorio de la Rep\u00fablica Argentina. Dise\u00f1o Curricular. Duraci\u00f3n: 4 a\u00f1os Horario de Cursado: de 18:20 a &#8230; <a title=\"Profesorado de Educaci\u00f3n Secundaria en Matem\u00e1tica\" class=\"read-more\" href=\"https:\/\/isfdmburucuya-crr.infd.edu.ar\/sitio\/prof-de-educ-sec-en-matematica\/\" aria-label=\"More on Profesorado de Educaci\u00f3n Secundaria en Matem\u00e1tica\">[+]<\/a><\/p>\n","protected":false},"author":10,"featured_media":0,"parent":0,"menu_order":0,"comment_status":"closed","ping_status":"closed","template":"","meta":[],"acf":[],"_links":{"self":[{"href":"https:\/\/isfdmburucuya-crr.infd.edu.ar\/sitio\/wp-json\/wp\/v2\/pages\/937"}],"collection":[{"href":"https:\/\/isfdmburucuya-crr.infd.edu.ar\/sitio\/wp-json\/wp\/v2\/pages"}],"about":[{"href":"https:\/\/isfdmburucuya-crr.infd.edu.ar\/sitio\/wp-json\/wp\/v2\/types\/page"}],"author":[{"embeddable":true,"href":"https:\/\/isfdmburucuya-crr.infd.edu.ar\/sitio\/wp-json\/wp\/v2\/users\/10"}],"replies":[{"embeddable":true,"href":"https:\/\/isfdmburucuya-crr.infd.edu.ar\/sitio\/wp-json\/wp\/v2\/comments?post=937"}],"version-history":[{"count":6,"href":"https:\/\/isfdmburucuya-crr.infd.edu.ar\/sitio\/wp-json\/wp\/v2\/pages\/937\/revisions"}],"predecessor-version":[{"id":1175,"href":"https:\/\/isfdmburucuya-crr.infd.edu.ar\/sitio\/wp-json\/wp\/v2\/pages\/937\/revisions\/1175"}],"wp:attachment":[{"href":"https:\/\/isfdmburucuya-crr.infd.edu.ar\/sitio\/wp-json\/wp\/v2\/media?parent=937"}],"curies":[{"name":"wp","href":"https:\/\/api.w.org\/{rel}","templated":true}]}}