{"id":782,"date":"2018-08-30T13:35:16","date_gmt":"2018-08-30T16:35:16","guid":{"rendered":"https:\/\/isfdmburucuya-crr.infd.edu.ar\/sitio\/ubicacion\/"},"modified":"2023-04-24T18:46:48","modified_gmt":"2023-04-24T21:46:48","slug":"ubicacion","status":"publish","type":"page","link":"https:\/\/isfdmburucuya-crr.infd.edu.ar\/sitio\/ubicacion\/","title":{"rendered":"Ubicaci\u00f3n"},"content":{"rendered":"<p style=\"text-align: justify;\"><span style=\"font-size: 12pt;\">El Instituto est\u00e1 ubicado en la zona c\u00e9ntrica de la Ciudad de Mburcuy\u00e1 Corrientes, en la calle Lavalle 281, entre la calles Belgrano y San Mart\u00edn. Frente a la Plaza \u00abMitre\u00bb de la localidad.<\/span><\/p>\n<p style=\"text-align: justify;\"><span style=\"font-size: 12pt;\">Sobre la Calle Belgrano, se encuentra la Escuela Primaria N\u00b0 81 \u00abJuan Eusebio Torrent\u00bb y el Colegio Secundario \u00abJorge Newbery\u00bb.<\/span><\/p>\n<p style=\"text-align: justify;\"><strong><span style=\"font-size: 12pt;\">Plano de Mburucuy\u00e1<\/span><\/strong><\/p>\n<p style=\"text-align: center;\"><iframe loading=\"lazy\" style=\"border: 0;\" src=\"https:\/\/www.google.com\/maps\/embed?pb=!1m14!1m8!1m3!1d14085.706811322098!2d-58.2304144!3d-28.0419931!3m2!1i1024!2i768!4f13.1!3m3!1m2!1s0x94502376cb0f3be3%3A0xb334b4c91a435107!2sIsfd%20Mburucuya!5e0!3m2!1ses!2sar!4v1682370754964!5m2!1ses!2sar\" width=\"600\" height=\"450\" allowfullscreen=\"allowfullscreen\"><\/iframe><\/p>\n","protected":false},"excerpt":{"rendered":"<p>El Instituto est\u00e1 ubicado en la zona c\u00e9ntrica de la Ciudad de Mburcuy\u00e1 Corrientes, en la calle Lavalle 281, entre la calles Belgrano y San Mart\u00edn. Frente a la Plaza \u00abMitre\u00bb de la localidad. Sobre la Calle Belgrano, se encuentra la Escuela Primaria N\u00b0 81 \u00abJuan Eusebio Torrent\u00bb y el Colegio Secundario \u00abJorge Newbery\u00bb. Plano &#8230; <a title=\"Ubicaci\u00f3n\" class=\"read-more\" href=\"https:\/\/isfdmburucuya-crr.infd.edu.ar\/sitio\/ubicacion\/\" aria-label=\"More on Ubicaci\u00f3n\">[+]<\/a><\/p>\n","protected":false},"author":10,"featured_media":0,"parent":0,"menu_order":0,"comment_status":"closed","ping_status":"closed","template":"","meta":[],"acf":[],"_links":{"self":[{"href":"https:\/\/isfdmburucuya-crr.infd.edu.ar\/sitio\/wp-json\/wp\/v2\/pages\/782"}],"collection":[{"href":"https:\/\/isfdmburucuya-crr.infd.edu.ar\/sitio\/wp-json\/wp\/v2\/pages"}],"about":[{"href":"https:\/\/isfdmburucuya-crr.infd.edu.ar\/sitio\/wp-json\/wp\/v2\/types\/page"}],"author":[{"embeddable":true,"href":"https:\/\/isfdmburucuya-crr.infd.edu.ar\/sitio\/wp-json\/wp\/v2\/users\/10"}],"replies":[{"embeddable":true,"href":"https:\/\/isfdmburucuya-crr.infd.edu.ar\/sitio\/wp-json\/wp\/v2\/comments?post=782"}],"version-history":[{"count":5,"href":"https:\/\/isfdmburucuya-crr.infd.edu.ar\/sitio\/wp-json\/wp\/v2\/pages\/782\/revisions"}],"predecessor-version":[{"id":1094,"href":"https:\/\/isfdmburucuya-crr.infd.edu.ar\/sitio\/wp-json\/wp\/v2\/pages\/782\/revisions\/1094"}],"wp:attachment":[{"href":"https:\/\/isfdmburucuya-crr.infd.edu.ar\/sitio\/wp-json\/wp\/v2\/media?parent=782"}],"curies":[{"name":"wp","href":"https:\/\/api.w.org\/{rel}","templated":true}]}}