{"id":779,"date":"2018-08-30T13:35:15","date_gmt":"2018-08-30T16:35:15","guid":{"rendered":"https:\/\/isfdmburucuya-crr.infd.edu.ar\/sitio\/historia\/"},"modified":"2023-04-27T14:46:04","modified_gmt":"2023-04-27T17:46:04","slug":"historia","status":"publish","type":"page","link":"https:\/\/isfdmburucuya-crr.infd.edu.ar\/sitio\/historia\/","title":{"rendered":"Historia Institucional"},"content":{"rendered":"<p style=\"align=justify\"><strong>RESE\u00d1A &#8211; INSTITUTO SUPERIOR DE FORMACI\u00d3N DOCENTE MBURUCUY\u00c1<\/strong><\/p>\n<p>El Instituto terciario de formaci\u00f3n docente inici\u00f3 sus actividades el 14 de mayo de 1990, con la carrera Profesorado de Educaci\u00f3n Primaria. La rector\u00eda de la instituci\u00f3n en sus comienzos estuvo a cargo de la Prof. Mar\u00eda Luc\u00eda Verrastro&nbsp; de Varela, y como preceptora, la Sra. Mar\u00eda Bianchetti de Jalf\u00f3n. M\u00e1s tarde, y luego de un breve tiempo de inactividad en el a\u00f1o 2008 se rehabilita como subsede del Instituto de Formaci\u00f3n Docente Bella Vista implement\u00e1ndose la carrera Tecnicatura Superior Forestal.<\/p>\n<p>El Instituto Superior de Formaci\u00f3n Docente Mburucuy\u00e1 independiente como sede, nace a trav\u00e9s del Decreto Provincial N\u00b0395 en el a\u00f1o 2013, y actualmente la matricula de la instituci\u00f3n gira alrededor de 600 estudiantes, y 60 profesores.<\/p>\n<p style=\"align=justify\">Al presente la rector\u00eda de la instituci\u00f3n est\u00e1 a cargo del Prof. Ernesto Escobar, los&nbsp;estudiantes&nbsp;tienen la posibilidad de cursar&nbsp;EN LA SEDE las siguientes carreras: Profesorado de Educaci\u00f3n Secundaria en Biolog\u00eda, Profesorado de Educaci\u00f3n Secundaria en Lengua y Literatura, Profesorado de Educaci\u00f3n Secundaria en Matem\u00e1tica, Tecnicatura Superior en Desarrollo de Software, Tecnicatura Superior en Bromatolog\u00eda, Tecnicatura Superior en Gastronom\u00eda, Capacitaci\u00f3n en Lengua Inglesa y Capacitaci\u00f3n Instrumental en M\u00fasica. Cada a\u00f1o se realiza el an\u00e1lisis y la fundamentaci\u00f3n de pedidos de carreras para el siguiente ciclo lectivo, en base a los requerimientos y demandas del contexto en el que est\u00e1 inserto.<\/p>\n<p style=\"align=justify\">El Instituto cuenta con dos subsedes: la primera creada en el a\u00f1o 2015 en Concepci\u00f3n del Yaguaret\u00e9 Cor\u00e1, y la segunda en la localidad vecina de Pago de los Deseos en el a\u00f1o 2017. En Pago de los Deseos las carreras dictadas son: Tecnicatura Superior en Agente Sanitario, Tecnicatura Superior en Infraestructura Inform\u00e1tica y Capacitaci\u00f3n en Dibujo y Pintura. En Concepci\u00f3n se dictan actualmente: Profesorado de Educaci\u00f3n Secundaria en Biolog\u00eda, Tecnicatura Superior en Gastronom\u00eda, Tecnicatura Superior en Turismo, y Tecnicatura Superior en Tecnolog\u00eda de los Alimentos.<\/p>\n<p style=\"align=justify\">El Instituto ha consolidado su presencia singular como formador de formadores y de t\u00e9cnicos en saberes relacionados con la ciencia, la tecnolog\u00eda y la producci\u00f3n regional. Su \u00e1rea de influencia se extiende no s\u00f3lo en la localidad sino tambi\u00e9n por los departamentos de Santa Rosa, Concepci\u00f3n, San Miguel, Saladas y Pago de los Deseos.<\/p>\n<p style=\"align=justify\"><strong>El Instituto Superior de Formaci\u00f3n Docente Mburucuy\u00e1 se presenta a la sociedad fomentando la participaci\u00f3n democr\u00e1tica, el valor de la justicia y libertad, propiciando un fuerte compromiso de directivos, equipo de gesti\u00f3n, docentes y estudiantes, logrando que disfruten del hacer y sientan orgullo de pertenecer.<\/strong><\/p>\n\n\n<p><\/p>\n","protected":false},"excerpt":{"rendered":"<p>RESE\u00d1A &#8211; INSTITUTO SUPERIOR DE FORMACI\u00d3N DOCENTE MBURUCUY\u00c1 El Instituto terciario de formaci\u00f3n docente inici\u00f3 sus actividades el 14 de mayo de 1990, con la carrera Profesorado de Educaci\u00f3n Primaria. La rector\u00eda de la instituci\u00f3n en sus comienzos estuvo a cargo de la Prof. Mar\u00eda Luc\u00eda Verrastro&nbsp; de Varela, y como preceptora, la Sra. Mar\u00eda &#8230; <a title=\"Historia Institucional\" class=\"read-more\" href=\"https:\/\/isfdmburucuya-crr.infd.edu.ar\/sitio\/historia\/\" aria-label=\"More on Historia Institucional\">[+]<\/a><\/p>\n","protected":false},"author":10,"featured_media":0,"parent":0,"menu_order":0,"comment_status":"closed","ping_status":"closed","template":"","meta":[],"acf":[],"_links":{"self":[{"href":"https:\/\/isfdmburucuya-crr.infd.edu.ar\/sitio\/wp-json\/wp\/v2\/pages\/779"}],"collection":[{"href":"https:\/\/isfdmburucuya-crr.infd.edu.ar\/sitio\/wp-json\/wp\/v2\/pages"}],"about":[{"href":"https:\/\/isfdmburucuya-crr.infd.edu.ar\/sitio\/wp-json\/wp\/v2\/types\/page"}],"author":[{"embeddable":true,"href":"https:\/\/isfdmburucuya-crr.infd.edu.ar\/sitio\/wp-json\/wp\/v2\/users\/10"}],"replies":[{"embeddable":true,"href":"https:\/\/isfdmburucuya-crr.infd.edu.ar\/sitio\/wp-json\/wp\/v2\/comments?post=779"}],"version-history":[{"count":4,"href":"https:\/\/isfdmburucuya-crr.infd.edu.ar\/sitio\/wp-json\/wp\/v2\/pages\/779\/revisions"}],"predecessor-version":[{"id":1159,"href":"https:\/\/isfdmburucuya-crr.infd.edu.ar\/sitio\/wp-json\/wp\/v2\/pages\/779\/revisions\/1159"}],"wp:attachment":[{"href":"https:\/\/isfdmburucuya-crr.infd.edu.ar\/sitio\/wp-json\/wp\/v2\/media?parent=779"}],"curies":[{"name":"wp","href":"https:\/\/api.w.org\/{rel}","templated":true}]}}