{"id":777,"date":"2018-08-30T13:35:14","date_gmt":"2018-08-30T16:35:14","guid":{"rendered":"https:\/\/isfdmburucuya-crr.infd.edu.ar\/sitio\/autoridades\/"},"modified":"2025-11-04T17:36:23","modified_gmt":"2025-11-04T20:36:23","slug":"autoridades","status":"publish","type":"page","link":"https:\/\/isfdmburucuya-crr.infd.edu.ar\/sitio\/autoridades\/","title":{"rendered":"Equipo de Conducci\u00f3n"},"content":{"rendered":"<pre class=\"Estilo1\"><span style=\"color: #000080;\"><strong><span style=\"font-size: 10pt;\">Rector Organizador<\/span><\/strong><\/span><\/pre>\n<p>Prof. Ernesto Escobar<\/p>\n<pre class=\"Estilo1\"><span style=\"color: #000080;\"><strong><span style=\"font-size: 10pt;\">Secretaria Acad\u00e9mica<\/span><\/strong><\/span><\/pre>\n<p>Prof: Gabriela Ben\u00edtez<\/p>\n<pre class=\"Estilo1\"><span style=\"color: #000080;\"><strong><span style=\"font-size: 10pt;\">Coordinadoras de \u00c1rea:<\/span><\/strong><\/span><\/pre>\n<p>Prof. Cecilia Cardozo &#8211; Coord. Pol\u00edticas Estudiantiles<\/p>\n<p>Prof: Luciana S\u00e1nchez- Coord. Campo de las Pr\u00e1cticas Docentes<\/p>\n<p>Prof. Ana Paula Ramos &#8211; Coord. Apoyo Pedag\u00f3gico a Escuelas<\/p>\n<pre class=\"Estilo1\"><span style=\"color: #000080;\"><strong><span style=\"font-size: 10pt;\">Coordinadores de Carrera:<\/span><\/strong><\/span><\/pre>\n<p>Prof. Iara Fortunato- Profesorado de Educ. Secundaria en Matem\u00e1tica<\/p>\n<p>Prof. Martin Ch\u00e1vez &#8211; Profesorado de Educ. Secundaria en Historia<\/p>\n<p>Prof. Constancia R. Agostina Mendoza &#8211; Tecnicatura Superior en Desarrollo de Software<\/p>\n<p>Prof. Roxana Ram\u00edrez Silva &#8211; Tecnicatura en Bromatolog\u00eda<\/p>\n<p>Prof. Gisela Medina &#8211; Tecnicatura Superior en Gastronom\u00eda<\/p>\n<p>Prof. Carolina Romero &#8211; Tecnicatura Superior en Turismo<\/p>\n","protected":false},"excerpt":{"rendered":"<p>Rector Organizador Prof. Ernesto Escobar Secretaria Acad\u00e9mica Prof: Gabriela Ben\u00edtez Coordinadoras de \u00c1rea: Prof. Cecilia Cardozo &#8211; Coord. Pol\u00edticas Estudiantiles Prof: Luciana S\u00e1nchez- Coord. Campo de las Pr\u00e1cticas Docentes Prof. Ana Paula Ramos &#8211; Coord. Apoyo Pedag\u00f3gico a Escuelas Coordinadores de Carrera: Prof. Iara Fortunato- Profesorado de Educ. Secundaria en Matem\u00e1tica Prof. Martin Ch\u00e1vez &#8211; &#8230; <a title=\"Equipo de Conducci\u00f3n\" class=\"read-more\" href=\"https:\/\/isfdmburucuya-crr.infd.edu.ar\/sitio\/autoridades\/\" aria-label=\"More on Equipo de Conducci\u00f3n\">[+]<\/a><\/p>\n","protected":false},"author":10,"featured_media":0,"parent":0,"menu_order":0,"comment_status":"closed","ping_status":"closed","template":"","meta":[],"acf":[],"_links":{"self":[{"href":"https:\/\/isfdmburucuya-crr.infd.edu.ar\/sitio\/wp-json\/wp\/v2\/pages\/777"}],"collection":[{"href":"https:\/\/isfdmburucuya-crr.infd.edu.ar\/sitio\/wp-json\/wp\/v2\/pages"}],"about":[{"href":"https:\/\/isfdmburucuya-crr.infd.edu.ar\/sitio\/wp-json\/wp\/v2\/types\/page"}],"author":[{"embeddable":true,"href":"https:\/\/isfdmburucuya-crr.infd.edu.ar\/sitio\/wp-json\/wp\/v2\/users\/10"}],"replies":[{"embeddable":true,"href":"https:\/\/isfdmburucuya-crr.infd.edu.ar\/sitio\/wp-json\/wp\/v2\/comments?post=777"}],"version-history":[{"count":11,"href":"https:\/\/isfdmburucuya-crr.infd.edu.ar\/sitio\/wp-json\/wp\/v2\/pages\/777\/revisions"}],"predecessor-version":[{"id":1561,"href":"https:\/\/isfdmburucuya-crr.infd.edu.ar\/sitio\/wp-json\/wp\/v2\/pages\/777\/revisions\/1561"}],"wp:attachment":[{"href":"https:\/\/isfdmburucuya-crr.infd.edu.ar\/sitio\/wp-json\/wp\/v2\/media?parent=777"}],"curies":[{"name":"wp","href":"https:\/\/api.w.org\/{rel}","templated":true}]}}