{"id":318,"date":"2016-10-31T14:20:44","date_gmt":"2016-10-31T17:20:44","guid":{"rendered":"https:\/\/isfdmburucuya-crr.infd.edu.ar\/sitio\/?page_id=318"},"modified":"2023-04-27T21:49:37","modified_gmt":"2023-04-28T00:49:37","slug":"contacto","status":"publish","type":"page","link":"https:\/\/isfdmburucuya-crr.infd.edu.ar\/sitio\/contacto\/","title":{"rendered":"CONTACTO"},"content":{"rendered":"<h2>Comun\u00edcate con nosotros<\/h2>\n\n\n<p><strong>Rector Organizador Ernesto Escobar<\/strong><\/p>\n\n\n\n<p><strong>Tel\u00e9fono:\u00a0<\/strong>3782 522192<\/p>\n\n\n\n<p><strong>Secretaria acad\u00e9mica Ben\u00edtez Gabriela<\/strong><\/p>\n\n\n\n<p><strong>Tel\u00e9fono:\u00a0<\/strong>3782 477300<\/p>\n\n\n\n<p><strong>Mail oficial:\u00a0<\/strong>1801773-00@mec.gob.ar<\/p>\n\n\n<p style=\"text-align: center;\"><iframe loading=\"lazy\" style=\"border: 0;\" src=\"https:\/\/www.google.com\/maps\/embed?pb=!1m14!1m8!1m3!1d14085.706811322098!2d-58.2304144!3d-28.0419931!3m2!1i1024!2i768!4f13.1!3m3!1m2!1s0x94502376cb0f3be3%3A0xb334b4c91a435107!2sIsfd%20Mburucuya!5e0!3m2!1ses!2sar!4v1682370754964!5m2!1ses!2sar\" width=\"600\" height=\"450\" allowfullscreen=\"allowfullscreen\"><\/iframe><\/p>\n\n\n<p><\/p>\n\n\n\n<p><strong>Ubicaci\u00f3n:<\/strong> &nbsp;<a href=\"https:\/\/goo.gl\/maps\/JeJ4qskGt9stt7W87\">Lavalle N\u00b0 281 (Mburucuy\u00e1)<\/a> <\/p>\n\n\n\n<p><strong>Facebook:<\/strong>&nbsp;<a href=\"https:\/\/www.facebook.com\/isfdmburucuya?mibextid=ZbWKwL\">ISFD Mburucuy\u00e1<\/a><\/p>\n\n\n\n<p><strong>Instagram:&nbsp;<\/strong><a href=\"https:\/\/www.instagram.com\/isfd_mburucuya\/?igshid=YmMyMTA2M2Y=\">isfd_mburucuya<\/a><\/p>\n","protected":false},"excerpt":{"rendered":"<p>Comun\u00edcate con nosotros Rector Organizador Ernesto Escobar Tel\u00e9fono:\u00a03782 522192 Secretaria acad\u00e9mica Ben\u00edtez Gabriela Tel\u00e9fono:\u00a03782 477300 Mail oficial:\u00a01801773-00@mec.gob.ar Ubicaci\u00f3n: &nbsp;Lavalle N\u00b0 281 (Mburucuy\u00e1) Facebook:&nbsp;ISFD Mburucuy\u00e1 Instagram:&nbsp;isfd_mburucuya<\/p>\n","protected":false},"author":1,"featured_media":0,"parent":0,"menu_order":0,"comment_status":"closed","ping_status":"closed","template":"","meta":[],"acf":[],"_links":{"self":[{"href":"https:\/\/isfdmburucuya-crr.infd.edu.ar\/sitio\/wp-json\/wp\/v2\/pages\/318"}],"collection":[{"href":"https:\/\/isfdmburucuya-crr.infd.edu.ar\/sitio\/wp-json\/wp\/v2\/pages"}],"about":[{"href":"https:\/\/isfdmburucuya-crr.infd.edu.ar\/sitio\/wp-json\/wp\/v2\/types\/page"}],"author":[{"embeddable":true,"href":"https:\/\/isfdmburucuya-crr.infd.edu.ar\/sitio\/wp-json\/wp\/v2\/users\/1"}],"replies":[{"embeddable":true,"href":"https:\/\/isfdmburucuya-crr.infd.edu.ar\/sitio\/wp-json\/wp\/v2\/comments?post=318"}],"version-history":[{"count":15,"href":"https:\/\/isfdmburucuya-crr.infd.edu.ar\/sitio\/wp-json\/wp\/v2\/pages\/318\/revisions"}],"predecessor-version":[{"id":1229,"href":"https:\/\/isfdmburucuya-crr.infd.edu.ar\/sitio\/wp-json\/wp\/v2\/pages\/318\/revisions\/1229"}],"wp:attachment":[{"href":"https:\/\/isfdmburucuya-crr.infd.edu.ar\/sitio\/wp-json\/wp\/v2\/media?parent=318"}],"curies":[{"name":"wp","href":"https:\/\/api.w.org\/{rel}","templated":true}]}}