{"id":1361,"date":"2023-09-13T12:15:43","date_gmt":"2023-09-13T15:15:43","guid":{"rendered":"https:\/\/isfdmburucuya-crr.infd.edu.ar\/sitio\/?page_id=1361"},"modified":"2023-09-13T16:09:04","modified_gmt":"2023-09-13T19:09:04","slug":"biblioteca-digital","status":"publish","type":"page","link":"https:\/\/isfdmburucuya-crr.infd.edu.ar\/sitio\/biblioteca-digital\/","title":{"rendered":"Biblioteca Digital"},"content":{"rendered":"\n<p class=\"has-text-align-center has-electric-grass-gradient-background has-background\"><strong>\u00a1Bienvenidos a nuestra biblioteca digital del Instituto de Formaci\u00f3n Superior Docente Mburucuy\u00e1! <\/strong><\/p>\n\n\n<div class=\"wp-block-image\">\n<figure class=\"aligncenter size-full is-resized\"><img decoding=\"async\" loading=\"lazy\" src=\"https:\/\/isfdmburucuya-crr.infd.edu.ar\/sitio\/wp-content\/uploads\/2023\/09\/WhatsApp-Image-2023-09-13-at-3.51.34-PM.jpeg\" alt=\"\" class=\"wp-image-1373\" width=\"365\" height=\"365\" srcset=\"https:\/\/isfdmburucuya-crr.infd.edu.ar\/sitio\/wp-content\/uploads\/2023\/09\/WhatsApp-Image-2023-09-13-at-3.51.34-PM.jpeg 788w, https:\/\/isfdmburucuya-crr.infd.edu.ar\/sitio\/wp-content\/uploads\/2023\/09\/WhatsApp-Image-2023-09-13-at-3.51.34-PM-500x500.jpeg 500w, https:\/\/isfdmburucuya-crr.infd.edu.ar\/sitio\/wp-content\/uploads\/2023\/09\/WhatsApp-Image-2023-09-13-at-3.51.34-PM-768x768.jpeg 768w\" sizes=\"(max-width: 365px) 100vw, 365px\" \/><figcaption class=\"wp-element-caption\">https:\/\/drive.google.com\/drive\/folders\/1bz8NofrCRsNwkc5-klKOLsWti2G_1cUw<\/figcaption><\/figure><\/div>\n\n\n<p class=\"has-text-align-center has-electric-grass-gradient-background has-background\">Aqu\u00ed encontrar\u00e1n un mundo de conocimiento al alcance de sus manos. Nuestra biblioteca virtual est\u00e1 dise\u00f1ada para brindarles acceso a una amplia gama de recursos educativos digitales, que les permitir\u00e1n enriquecer su formaci\u00f3n acad\u00e9mica y profesional. Explora nuestras colecciones de libros electr\u00f3nicos, revistas especializadas, art\u00edculos cient\u00edficos y mucho m\u00e1s. <\/p>\n\n\n\n<p class=\"has-text-align-center has-electric-grass-gradient-background has-background\">\u00a1Te invitamos a sumergirte en este espacio virtual de aprendizaje y descubrimiento!<\/p>\n\n\n<div class=\"wp-block-image\">\n<figure class=\"aligncenter size-full\"><img decoding=\"async\" loading=\"lazy\" width=\"800\" height=\"340\" src=\"https:\/\/isfdmburucuya-crr.infd.edu.ar\/sitio\/wp-content\/uploads\/2023\/09\/image.png\" alt=\"\" class=\"wp-image-1365\" srcset=\"https:\/\/isfdmburucuya-crr.infd.edu.ar\/sitio\/wp-content\/uploads\/2023\/09\/image.png 800w, https:\/\/isfdmburucuya-crr.infd.edu.ar\/sitio\/wp-content\/uploads\/2023\/09\/image-768x326.png 768w\" sizes=\"(max-width: 800px) 100vw, 800px\" \/><\/figure><\/div>","protected":false},"excerpt":{"rendered":"<p>\u00a1Bienvenidos a nuestra biblioteca digital del Instituto de Formaci\u00f3n Superior Docente Mburucuy\u00e1! Aqu\u00ed encontrar\u00e1n un mundo de conocimiento al alcance de sus manos. Nuestra biblioteca virtual est\u00e1 dise\u00f1ada para brindarles acceso a una amplia gama de recursos educativos digitales, que les permitir\u00e1n enriquecer su formaci\u00f3n acad\u00e9mica y profesional. Explora nuestras colecciones de libros electr\u00f3nicos, revistas &#8230; <a title=\"Biblioteca Digital\" class=\"read-more\" href=\"https:\/\/isfdmburucuya-crr.infd.edu.ar\/sitio\/biblioteca-digital\/\" aria-label=\"More on Biblioteca Digital\">[+]<\/a><\/p>\n","protected":false},"author":139,"featured_media":0,"parent":0,"menu_order":0,"comment_status":"closed","ping_status":"closed","template":"","meta":[],"acf":[],"_links":{"self":[{"href":"https:\/\/isfdmburucuya-crr.infd.edu.ar\/sitio\/wp-json\/wp\/v2\/pages\/1361"}],"collection":[{"href":"https:\/\/isfdmburucuya-crr.infd.edu.ar\/sitio\/wp-json\/wp\/v2\/pages"}],"about":[{"href":"https:\/\/isfdmburucuya-crr.infd.edu.ar\/sitio\/wp-json\/wp\/v2\/types\/page"}],"author":[{"embeddable":true,"href":"https:\/\/isfdmburucuya-crr.infd.edu.ar\/sitio\/wp-json\/wp\/v2\/users\/139"}],"replies":[{"embeddable":true,"href":"https:\/\/isfdmburucuya-crr.infd.edu.ar\/sitio\/wp-json\/wp\/v2\/comments?post=1361"}],"version-history":[{"count":8,"href":"https:\/\/isfdmburucuya-crr.infd.edu.ar\/sitio\/wp-json\/wp\/v2\/pages\/1361\/revisions"}],"predecessor-version":[{"id":1377,"href":"https:\/\/isfdmburucuya-crr.infd.edu.ar\/sitio\/wp-json\/wp\/v2\/pages\/1361\/revisions\/1377"}],"wp:attachment":[{"href":"https:\/\/isfdmburucuya-crr.infd.edu.ar\/sitio\/wp-json\/wp\/v2\/media?parent=1361"}],"curies":[{"name":"wp","href":"https:\/\/api.w.org\/{rel}","templated":true}]}}