{"id":1217,"date":"2023-04-27T21:09:53","date_gmt":"2023-04-28T00:09:53","guid":{"rendered":"https:\/\/isfdmburucuya-crr.infd.edu.ar\/sitio\/?page_id=1217"},"modified":"2023-04-27T21:09:54","modified_gmt":"2023-04-28T00:09:54","slug":"tecnicatura-superior-en-higiene-y-seguridad-en-el-trabajo-con-orientacion-foresto-industrial","status":"publish","type":"page","link":"https:\/\/isfdmburucuya-crr.infd.edu.ar\/sitio\/tecnicatura-superior-en-higiene-y-seguridad-en-el-trabajo-con-orientacion-foresto-industrial\/","title":{"rendered":"Tecnicatura Superior en Higiene y Seguridad en el Trabajo con Orientaci\u00f3n Foresto Industrial"},"content":{"rendered":"\n<p><strong>Perfil del Egresado<\/strong><\/p>\n\n\n\n<p>El contenido del Plan de Estudios est\u00e1 \u00edntimamente ligado a la protecci\u00f3n de la Salud del Trabajador y del cuidado de los bienes de la empresa como instalaciones, equipos, m\u00e1quinas y herramientas, a trav\u00e9s del conocimiento y aplicaci\u00f3n de los distintos procedimientos y normas orientadas al reconocimiento, evaluaci\u00f3n y control de aquellos riesgos presentes en el ambiente laboral capaces de provocar un accidente de trabajo o una enfermedad profesional.<br>El Plan de Estudios de la carrera busca la formaci\u00f3n de t\u00e9cnicos id\u00f3neos para colaborar con los profesionales de grado en brindar y aplicar las recomendaciones de Higiene y Seguridad en el Trabajo que resulten necesarias para resguardar la salud de los trabajadores en el \u00e1mbito laboral, conociendo las exigencias legales que en materia de Higiene y Seguridad laboral corresponden aplicarse en los distintos ambientes laborales. Tambi\u00e9n podr\u00e1 integrar grupos interdisciplinarios que entiendan en la prevenci\u00f3n de emergencias tecnol\u00f3gicas y realizar investigaciones t\u00e9cnicas sobre las causales que motivaren un accidente de trabajo y\/o una enfermedad profesional.<\/p>\n\n\n\n<p><strong>Dise\u00f1o Curricular<\/strong><\/p>\n\n\n\n<figure class=\"wp-block-image size-full is-resized\"><a href=\"http:\/\/www.dgescorrientes.net\/distec2017\/DC-Tec-HigieneSeguridadForestoIndustrial.pdf\" target=\"_blank\" rel=\"noreferrer noopener\"><img decoding=\"async\" loading=\"lazy\" src=\"https:\/\/isfdmburucuya-crr.infd.edu.ar\/sitio\/wp-content\/uploads\/2022\/10\/07270110f32db5b5cba709d8c4294b1f.png\" alt=\"\" class=\"wp-image-958\" width=\"200\" height=\"200\" srcset=\"https:\/\/isfdmburucuya-crr.infd.edu.ar\/sitio\/wp-content\/uploads\/2022\/10\/07270110f32db5b5cba709d8c4294b1f.png 512w, https:\/\/isfdmburucuya-crr.infd.edu.ar\/sitio\/wp-content\/uploads\/2022\/10\/07270110f32db5b5cba709d8c4294b1f-500x500.png 500w\" sizes=\"(max-width: 200px) 100vw, 200px\" \/><\/a><\/figure>\n\n\n\n<p><strong>Duraci\u00f3n:&nbsp;<\/strong>3 a\u00f1os.<\/p>\n\n\n\n<p><strong>Horario de Cursado:<\/strong>&nbsp;18:00 a 23:00 Hs.<\/p>\n","protected":false},"excerpt":{"rendered":"<p>Perfil del Egresado El contenido del Plan de Estudios est\u00e1 \u00edntimamente ligado a la protecci\u00f3n de la Salud del Trabajador y del cuidado de los bienes de la empresa como instalaciones, equipos, m\u00e1quinas y herramientas, a trav\u00e9s del conocimiento y aplicaci\u00f3n de los distintos procedimientos y normas orientadas al reconocimiento, evaluaci\u00f3n y control de aquellos &#8230; <a title=\"Tecnicatura Superior en Higiene y Seguridad en el Trabajo con Orientaci\u00f3n Foresto Industrial\" class=\"read-more\" href=\"https:\/\/isfdmburucuya-crr.infd.edu.ar\/sitio\/tecnicatura-superior-en-higiene-y-seguridad-en-el-trabajo-con-orientacion-foresto-industrial\/\" aria-label=\"More on Tecnicatura Superior en Higiene y Seguridad en el Trabajo con Orientaci\u00f3n Foresto Industrial\">[+]<\/a><\/p>\n","protected":false},"author":188,"featured_media":0,"parent":0,"menu_order":0,"comment_status":"closed","ping_status":"closed","template":"","meta":[],"acf":[],"_links":{"self":[{"href":"https:\/\/isfdmburucuya-crr.infd.edu.ar\/sitio\/wp-json\/wp\/v2\/pages\/1217"}],"collection":[{"href":"https:\/\/isfdmburucuya-crr.infd.edu.ar\/sitio\/wp-json\/wp\/v2\/pages"}],"about":[{"href":"https:\/\/isfdmburucuya-crr.infd.edu.ar\/sitio\/wp-json\/wp\/v2\/types\/page"}],"author":[{"embeddable":true,"href":"https:\/\/isfdmburucuya-crr.infd.edu.ar\/sitio\/wp-json\/wp\/v2\/users\/188"}],"replies":[{"embeddable":true,"href":"https:\/\/isfdmburucuya-crr.infd.edu.ar\/sitio\/wp-json\/wp\/v2\/comments?post=1217"}],"version-history":[{"count":1,"href":"https:\/\/isfdmburucuya-crr.infd.edu.ar\/sitio\/wp-json\/wp\/v2\/pages\/1217\/revisions"}],"predecessor-version":[{"id":1218,"href":"https:\/\/isfdmburucuya-crr.infd.edu.ar\/sitio\/wp-json\/wp\/v2\/pages\/1217\/revisions\/1218"}],"wp:attachment":[{"href":"https:\/\/isfdmburucuya-crr.infd.edu.ar\/sitio\/wp-json\/wp\/v2\/media?parent=1217"}],"curies":[{"name":"wp","href":"https:\/\/api.w.org\/{rel}","templated":true}]}}