{"id":1212,"date":"2023-04-27T21:02:42","date_gmt":"2023-04-28T00:02:42","guid":{"rendered":"https:\/\/isfdmburucuya-crr.infd.edu.ar\/sitio\/?page_id=1212"},"modified":"2023-04-27T21:02:43","modified_gmt":"2023-04-28T00:02:43","slug":"tecnicatura-superior-en-infraestructura-informatica","status":"publish","type":"page","link":"https:\/\/isfdmburucuya-crr.infd.edu.ar\/sitio\/tecnicatura-superior-en-infraestructura-informatica\/","title":{"rendered":"Tecnicatura Superior en Infraestructura Inform\u00e1tica"},"content":{"rendered":"\n<p><strong>Perfil del Egresado<\/strong><\/p>\n\n\n\n<p>El T\u00e9cnico Superior en Soporte de Infraestructura de Tecnolog\u00eda de la Informaci\u00f3n estar\u00e1 capacitado para: implementar, mantener, actualizar, analizar inconvenientes y resolver problemas derivados de la operaci\u00f3n de productos de tecnolog\u00eda de la informaci\u00f3n que cumplen funciones de sistema operativo, administraci\u00f3n de almacenamiento, comunicaciones y redes, seguridad, bases de datos, y otros subsistemas, para garantizar la m\u00e1xima disponibilidad del ambiente operativo de las aplicaciones inform\u00e1ticas de las organizaciones desarrollando las funciones descriptas en el perfil profesional y cumpliendo con los criterios de realizaci\u00f3n establecidos para las mismas, para lo cual coordinar\u00e1 o complementar\u00e1 su trabajo con especialistas de la misma organizaci\u00f3n o externos.<\/p>\n\n\n\n<p><strong>Dise\u00f1o Curricular<\/strong><\/p>\n\n\n\n<figure class=\"wp-block-image size-full is-resized\"><a href=\"https:\/\/isfdmburucuya-crr.infd.edu.ar\/sitio\/wp-content\/uploads\/2023\/04\/Tecnicatura-en-Infraestructura-Informatica.pdf\" target=\"_blank\" rel=\"noreferrer noopener\"><img decoding=\"async\" loading=\"lazy\" src=\"https:\/\/isfdmburucuya-crr.infd.edu.ar\/sitio\/wp-content\/uploads\/2022\/10\/07270110f32db5b5cba709d8c4294b1f.png\" alt=\"\" class=\"wp-image-958\" width=\"200\" height=\"200\" srcset=\"https:\/\/isfdmburucuya-crr.infd.edu.ar\/sitio\/wp-content\/uploads\/2022\/10\/07270110f32db5b5cba709d8c4294b1f.png 512w, https:\/\/isfdmburucuya-crr.infd.edu.ar\/sitio\/wp-content\/uploads\/2022\/10\/07270110f32db5b5cba709d8c4294b1f-500x500.png 500w\" sizes=\"(max-width: 200px) 100vw, 200px\" \/><\/a><\/figure>\n\n\n\n<p><strong>Duraci\u00f3n:&nbsp;<\/strong>3 a\u00f1os.<\/p>\n\n\n\n<p><strong>Horario de Cursado:<\/strong>&nbsp;18:00 a 23:00 Hs.<\/p>\n","protected":false},"excerpt":{"rendered":"<p>Perfil del Egresado El T\u00e9cnico Superior en Soporte de Infraestructura de Tecnolog\u00eda de la Informaci\u00f3n estar\u00e1 capacitado para: implementar, mantener, actualizar, analizar inconvenientes y resolver problemas derivados de la operaci\u00f3n de productos de tecnolog\u00eda de la informaci\u00f3n que cumplen funciones de sistema operativo, administraci\u00f3n de almacenamiento, comunicaciones y redes, seguridad, bases de datos, y otros &#8230; <a title=\"Tecnicatura Superior en Infraestructura Inform\u00e1tica\" class=\"read-more\" href=\"https:\/\/isfdmburucuya-crr.infd.edu.ar\/sitio\/tecnicatura-superior-en-infraestructura-informatica\/\" aria-label=\"More on Tecnicatura Superior en Infraestructura Inform\u00e1tica\">[+]<\/a><\/p>\n","protected":false},"author":188,"featured_media":0,"parent":0,"menu_order":0,"comment_status":"closed","ping_status":"closed","template":"","meta":[],"acf":[],"_links":{"self":[{"href":"https:\/\/isfdmburucuya-crr.infd.edu.ar\/sitio\/wp-json\/wp\/v2\/pages\/1212"}],"collection":[{"href":"https:\/\/isfdmburucuya-crr.infd.edu.ar\/sitio\/wp-json\/wp\/v2\/pages"}],"about":[{"href":"https:\/\/isfdmburucuya-crr.infd.edu.ar\/sitio\/wp-json\/wp\/v2\/types\/page"}],"author":[{"embeddable":true,"href":"https:\/\/isfdmburucuya-crr.infd.edu.ar\/sitio\/wp-json\/wp\/v2\/users\/188"}],"replies":[{"embeddable":true,"href":"https:\/\/isfdmburucuya-crr.infd.edu.ar\/sitio\/wp-json\/wp\/v2\/comments?post=1212"}],"version-history":[{"count":1,"href":"https:\/\/isfdmburucuya-crr.infd.edu.ar\/sitio\/wp-json\/wp\/v2\/pages\/1212\/revisions"}],"predecessor-version":[{"id":1214,"href":"https:\/\/isfdmburucuya-crr.infd.edu.ar\/sitio\/wp-json\/wp\/v2\/pages\/1212\/revisions\/1214"}],"wp:attachment":[{"href":"https:\/\/isfdmburucuya-crr.infd.edu.ar\/sitio\/wp-json\/wp\/v2\/media?parent=1212"}],"curies":[{"name":"wp","href":"https:\/\/api.w.org\/{rel}","templated":true}]}}