{"id":1202,"date":"2023-04-27T20:45:05","date_gmt":"2023-04-27T23:45:05","guid":{"rendered":"https:\/\/isfdmburucuya-crr.infd.edu.ar\/sitio\/?page_id=1202"},"modified":"2023-04-27T20:49:02","modified_gmt":"2023-04-27T23:49:02","slug":"tecnicatura-superior-en-tecnologia-de-los-alimentos","status":"publish","type":"page","link":"https:\/\/isfdmburucuya-crr.infd.edu.ar\/sitio\/tecnicatura-superior-en-tecnologia-de-los-alimentos\/","title":{"rendered":"Tecnicatura Superior en Tecnolog\u00eda de los Alimentos"},"content":{"rendered":"\n<p><strong>Perfil del Egresado<\/strong><\/p>\n\n\n\n<p><strong>Dise\u00f1o Curricular<\/strong><\/p>\n\n\n\n<figure class=\"wp-block-image size-full is-resized\"><a href=\"https:\/\/isfdmburucuya-crr.infd.edu.ar\/sitio\/wp-content\/uploads\/2023\/04\/Tecnicatura-en-Tecnologia-de-los-Alimentos.pdf\" target=\"_blank\" rel=\"noreferrer noopener\"><img decoding=\"async\" loading=\"lazy\" src=\"https:\/\/isfdmburucuya-crr.infd.edu.ar\/sitio\/wp-content\/uploads\/2022\/10\/07270110f32db5b5cba709d8c4294b1f.png\" alt=\"\" class=\"wp-image-958\" width=\"200\" height=\"200\" srcset=\"https:\/\/isfdmburucuya-crr.infd.edu.ar\/sitio\/wp-content\/uploads\/2022\/10\/07270110f32db5b5cba709d8c4294b1f.png 512w, https:\/\/isfdmburucuya-crr.infd.edu.ar\/sitio\/wp-content\/uploads\/2022\/10\/07270110f32db5b5cba709d8c4294b1f-500x500.png 500w\" sizes=\"(max-width: 200px) 100vw, 200px\" \/><\/a><\/figure>\n\n\n\n<p><strong>Duraci\u00f3n:&nbsp;<\/strong>3 a\u00f1os.<\/p>\n\n\n\n<p><strong>Horario de Cursado:<\/strong>&nbsp;18:45 a 23:45 Hs.<\/p>\n","protected":false},"excerpt":{"rendered":"<p>Perfil del Egresado Dise\u00f1o Curricular Duraci\u00f3n:&nbsp;3 a\u00f1os. Horario de Cursado:&nbsp;18:45 a 23:45 Hs.<\/p>\n","protected":false},"author":188,"featured_media":0,"parent":0,"menu_order":0,"comment_status":"closed","ping_status":"closed","template":"","meta":[],"acf":[],"_links":{"self":[{"href":"https:\/\/isfdmburucuya-crr.infd.edu.ar\/sitio\/wp-json\/wp\/v2\/pages\/1202"}],"collection":[{"href":"https:\/\/isfdmburucuya-crr.infd.edu.ar\/sitio\/wp-json\/wp\/v2\/pages"}],"about":[{"href":"https:\/\/isfdmburucuya-crr.infd.edu.ar\/sitio\/wp-json\/wp\/v2\/types\/page"}],"author":[{"embeddable":true,"href":"https:\/\/isfdmburucuya-crr.infd.edu.ar\/sitio\/wp-json\/wp\/v2\/users\/188"}],"replies":[{"embeddable":true,"href":"https:\/\/isfdmburucuya-crr.infd.edu.ar\/sitio\/wp-json\/wp\/v2\/comments?post=1202"}],"version-history":[{"count":2,"href":"https:\/\/isfdmburucuya-crr.infd.edu.ar\/sitio\/wp-json\/wp\/v2\/pages\/1202\/revisions"}],"predecessor-version":[{"id":1207,"href":"https:\/\/isfdmburucuya-crr.infd.edu.ar\/sitio\/wp-json\/wp\/v2\/pages\/1202\/revisions\/1207"}],"wp:attachment":[{"href":"https:\/\/isfdmburucuya-crr.infd.edu.ar\/sitio\/wp-json\/wp\/v2\/media?parent=1202"}],"curies":[{"name":"wp","href":"https:\/\/api.w.org\/{rel}","templated":true}]}}