{"id":1198,"date":"2023-04-27T20:34:24","date_gmt":"2023-04-27T23:34:24","guid":{"rendered":"https:\/\/isfdmburucuya-crr.infd.edu.ar\/sitio\/?page_id=1198"},"modified":"2023-04-27T20:34:25","modified_gmt":"2023-04-27T23:34:25","slug":"tecnicatura-superior-en-hoteleria","status":"publish","type":"page","link":"https:\/\/isfdmburucuya-crr.infd.edu.ar\/sitio\/tecnicatura-superior-en-hoteleria\/","title":{"rendered":"Tecnicatura Superior en Hoteler\u00eda"},"content":{"rendered":"\n<p><strong>Perfil del Egresado<\/strong><\/p>\n\n\n\n<p>El T\u00e9cnico Superior en Hoteler\u00eda podr\u00e1 generar y desarrollar, los diferentes procesos que integran el sistema hotelero, supervisando y gerenciando las \u00e1reas de producci\u00f3n de servicio coordinando con el resto de los sectores y servicios de alojamiento.<br>Identificar e incorporar estrategias que le permitan asumir un rol proactivo ante las necesidades hoteleras, utilizando para esto la tecnolog\u00eda disponible y conocimientos de idiomas, como herramientas de gesti\u00f3n y medios de comunicaci\u00f3n, para el servicio y<br>comunicaci\u00f3n con el hu\u00e9sped. Manifestar compromiso y responsabilidad profesional y social en el trato con los clientes y prestadores de servicios.<br><strong>Dise\u00f1o Curricular<\/strong><\/p>\n\n\n\n<figure class=\"wp-block-image size-full is-resized\"><a href=\"http:\/\/www.dgescorrientes.net\/distec2017\/DC-Tec-Hoteleria.pdf\" target=\"_blank\" rel=\"noreferrer noopener\"><img decoding=\"async\" loading=\"lazy\" src=\"https:\/\/isfdmburucuya-crr.infd.edu.ar\/sitio\/wp-content\/uploads\/2022\/10\/07270110f32db5b5cba709d8c4294b1f.png\" alt=\"\" class=\"wp-image-958\" width=\"200\" height=\"200\" srcset=\"https:\/\/isfdmburucuya-crr.infd.edu.ar\/sitio\/wp-content\/uploads\/2022\/10\/07270110f32db5b5cba709d8c4294b1f.png 512w, https:\/\/isfdmburucuya-crr.infd.edu.ar\/sitio\/wp-content\/uploads\/2022\/10\/07270110f32db5b5cba709d8c4294b1f-500x500.png 500w\" sizes=\"(max-width: 200px) 100vw, 200px\" \/><\/a><\/figure>\n\n\n\n<p><strong>Duraci\u00f3n:&nbsp;<\/strong>3 a\u00f1os.<\/p>\n\n\n\n<p><strong>Horario de Cursado:<\/strong>&nbsp;13:10 a 18:10 Hs.<\/p>\n","protected":false},"excerpt":{"rendered":"<p>Perfil del Egresado El T\u00e9cnico Superior en Hoteler\u00eda podr\u00e1 generar y desarrollar, los diferentes procesos que integran el sistema hotelero, supervisando y gerenciando las \u00e1reas de producci\u00f3n de servicio coordinando con el resto de los sectores y servicios de alojamiento.Identificar e incorporar estrategias que le permitan asumir un rol proactivo ante las necesidades hoteleras, utilizando &#8230; <a title=\"Tecnicatura Superior en Hoteler\u00eda\" class=\"read-more\" href=\"https:\/\/isfdmburucuya-crr.infd.edu.ar\/sitio\/tecnicatura-superior-en-hoteleria\/\" aria-label=\"More on Tecnicatura Superior en Hoteler\u00eda\">[+]<\/a><\/p>\n","protected":false},"author":188,"featured_media":0,"parent":0,"menu_order":0,"comment_status":"closed","ping_status":"closed","template":"","meta":[],"acf":[],"_links":{"self":[{"href":"https:\/\/isfdmburucuya-crr.infd.edu.ar\/sitio\/wp-json\/wp\/v2\/pages\/1198"}],"collection":[{"href":"https:\/\/isfdmburucuya-crr.infd.edu.ar\/sitio\/wp-json\/wp\/v2\/pages"}],"about":[{"href":"https:\/\/isfdmburucuya-crr.infd.edu.ar\/sitio\/wp-json\/wp\/v2\/types\/page"}],"author":[{"embeddable":true,"href":"https:\/\/isfdmburucuya-crr.infd.edu.ar\/sitio\/wp-json\/wp\/v2\/users\/188"}],"replies":[{"embeddable":true,"href":"https:\/\/isfdmburucuya-crr.infd.edu.ar\/sitio\/wp-json\/wp\/v2\/comments?post=1198"}],"version-history":[{"count":1,"href":"https:\/\/isfdmburucuya-crr.infd.edu.ar\/sitio\/wp-json\/wp\/v2\/pages\/1198\/revisions"}],"predecessor-version":[{"id":1200,"href":"https:\/\/isfdmburucuya-crr.infd.edu.ar\/sitio\/wp-json\/wp\/v2\/pages\/1198\/revisions\/1200"}],"wp:attachment":[{"href":"https:\/\/isfdmburucuya-crr.infd.edu.ar\/sitio\/wp-json\/wp\/v2\/media?parent=1198"}],"curies":[{"name":"wp","href":"https:\/\/api.w.org\/{rel}","templated":true}]}}