{"id":1143,"date":"2023-04-27T09:52:10","date_gmt":"2023-04-27T12:52:10","guid":{"rendered":"https:\/\/isfdmburucuya-crr.infd.edu.ar\/sitio\/?page_id=1143"},"modified":"2023-04-27T19:24:47","modified_gmt":"2023-04-27T22:24:47","slug":"subsede-pago-de-los-deseos","status":"publish","type":"page","link":"https:\/\/isfdmburucuya-crr.infd.edu.ar\/sitio\/subsede-pago-de-los-deseos\/","title":{"rendered":"Subsede Pago de los Deseos"},"content":{"rendered":"\n<p><strong>Datos institucionales<\/strong><\/p>\n\n\n\n<p><strong>Nombre Completo:&nbsp;<\/strong>Subsede Pago de los Deseos.<\/p>\n\n\n\n<p><strong>Coordinadora:<\/strong>\u00a0Cristina Feyen.<\/p>\n\n\n\n<p><strong>Direcci\u00f3n<\/strong>: Ruta N\u00b0 13 Km 23, Pago de los Deseos.<\/p>\n\n\n\n<p><strong>Ubicaci\u00f3n Google Maps:<\/strong>&nbsp;<a href=\"https:\/\/goo.gl\/maps\/ekbE2NpsNJN7mjt17\" data-type=\"URL\" data-id=\"https:\/\/goo.gl\/maps\/ekbE2NpsNJN7mjt17\" target=\"_blank\" rel=\"noreferrer noopener\">Colegio Secundario Pago de los Deseos <\/a><\/p>\n\n\n\n<p><strong>C\u00f3digo Postal:<\/strong>&nbsp;3425<\/p>\n\n\n\n<p><strong>E-mail Oficial:<\/strong>&nbsp;subsedepagodelosdeseos@gmail.com<\/p>\n\n\n\n<p><strong>Tel\u00e9fono:&nbsp;<\/strong>3782 450593 (Coordinadora Subsede).<\/p>\n\n\n\n<p>En la Subsede Pago de los Deseos actualmente se dictan las siguientes carreras:<\/p>\n\n\n\n<p>3\u00b0 A\u00f1o de la Tecnicatura Superior en Agente Sanitario y Promotor de la Salud.<\/p>\n\n\n\n<p>2\u00b0 A\u00f1o de la Tecnicatura Superior en Infraestructura Inform\u00e1tica.<\/p>\n\n\n\n<p>1\u00b0 A\u00f1o de la Tecnicatura Superior en Higiene y Seguridad en el Trabajo con Orientaci\u00f3n Foresto-Industrial.<\/p>\n\n\n\n<p>1\u00b0 A\u00f1o de la Capacitaci\u00f3n en Dibujo y Pintura.<\/p>\n\n\n\n<p>2\u00b0 A\u00f1o de la Capacitaci\u00f3n en Dibujo y Pintura.<\/p>\n\n\n\n<p><strong>Horario:<\/strong><\/p>\n\n\n\n<p>El horario de funcionamiento es de Lunes a Viernes de 18:00 a 23:00 Hs.<\/p>\n","protected":false},"excerpt":{"rendered":"<p>Datos institucionales Nombre Completo:&nbsp;Subsede Pago de los Deseos. Coordinadora:\u00a0Cristina Feyen. Direcci\u00f3n: Ruta N\u00b0 13 Km 23, Pago de los Deseos. Ubicaci\u00f3n Google Maps:&nbsp;Colegio Secundario Pago de los Deseos C\u00f3digo Postal:&nbsp;3425 E-mail Oficial:&nbsp;subsedepagodelosdeseos@gmail.com Tel\u00e9fono:&nbsp;3782 450593 (Coordinadora Subsede). En la Subsede Pago de los Deseos actualmente se dictan las siguientes carreras: 3\u00b0 A\u00f1o de la Tecnicatura Superior &#8230; <a title=\"Subsede Pago de los Deseos\" class=\"read-more\" href=\"https:\/\/isfdmburucuya-crr.infd.edu.ar\/sitio\/subsede-pago-de-los-deseos\/\" aria-label=\"More on Subsede Pago de los Deseos\">[+]<\/a><\/p>\n","protected":false},"author":188,"featured_media":0,"parent":0,"menu_order":0,"comment_status":"closed","ping_status":"closed","template":"","meta":[],"acf":[],"_links":{"self":[{"href":"https:\/\/isfdmburucuya-crr.infd.edu.ar\/sitio\/wp-json\/wp\/v2\/pages\/1143"}],"collection":[{"href":"https:\/\/isfdmburucuya-crr.infd.edu.ar\/sitio\/wp-json\/wp\/v2\/pages"}],"about":[{"href":"https:\/\/isfdmburucuya-crr.infd.edu.ar\/sitio\/wp-json\/wp\/v2\/types\/page"}],"author":[{"embeddable":true,"href":"https:\/\/isfdmburucuya-crr.infd.edu.ar\/sitio\/wp-json\/wp\/v2\/users\/188"}],"replies":[{"embeddable":true,"href":"https:\/\/isfdmburucuya-crr.infd.edu.ar\/sitio\/wp-json\/wp\/v2\/comments?post=1143"}],"version-history":[{"count":5,"href":"https:\/\/isfdmburucuya-crr.infd.edu.ar\/sitio\/wp-json\/wp\/v2\/pages\/1143\/revisions"}],"predecessor-version":[{"id":1174,"href":"https:\/\/isfdmburucuya-crr.infd.edu.ar\/sitio\/wp-json\/wp\/v2\/pages\/1143\/revisions\/1174"}],"wp:attachment":[{"href":"https:\/\/isfdmburucuya-crr.infd.edu.ar\/sitio\/wp-json\/wp\/v2\/media?parent=1143"}],"curies":[{"name":"wp","href":"https:\/\/api.w.org\/{rel}","templated":true}]}}