{"id":1140,"date":"2023-04-27T09:49:59","date_gmt":"2023-04-27T12:49:59","guid":{"rendered":"https:\/\/isfdmburucuya-crr.infd.edu.ar\/sitio\/?page_id=1140"},"modified":"2023-04-27T19:24:03","modified_gmt":"2023-04-27T22:24:03","slug":"subsede-concepcion","status":"publish","type":"page","link":"https:\/\/isfdmburucuya-crr.infd.edu.ar\/sitio\/subsede-concepcion\/","title":{"rendered":"Subsede Concepci\u00f3n del Yaguaret\u00e9 Cor\u00e1"},"content":{"rendered":"\n<p class=\"has-medium-font-size\"><strong>Datos institucionales<\/strong><\/p>\n\n\n\n<p><strong>Nombre Completo: <\/strong>Subsede Concepci\u00f3n del Yaguaret\u00e9 Cor\u00e1.<\/p>\n\n\n\n<p><strong>Coordinador:<\/strong> Gast\u00f3n Ramirez<\/p>\n\n\n\n<p><strong>Direcci\u00f3n<\/strong>: Mart\u00edn Miguel de G\u00fcemes 555, Concepci\u00f3n del Yaguaret\u00e9 Cor\u00e1.  <\/p>\n\n\n\n<p><strong>Ubicaci\u00f3n Google Maps:<\/strong> <a rel=\"noreferrer noopener\" href=\"https:\/\/goo.gl\/maps\/anesXr4QMpFQXDUN8\" target=\"_blank\">Esc. Normal \u201cTambor de Tacuar\u00ed\u201d<\/a><\/p>\n\n\n\n<p><strong>C\u00f3digo Postal:<\/strong> 3423<\/p>\n\n\n\n<p><strong>E-mail Oficial:<\/strong> subsedeconcepcion@gmail.com <\/p>\n\n\n\n<p><strong>Tel\u00e9fono: <\/strong>3782 526855 (Coordinador Subsede).<\/p>\n\n\n\n<p>En la Subsede Concepci\u00f3n del Yaguaret\u00e9 Cor\u00e1 actualmente se dictan las siguientes carreras:<\/p>\n\n\n\n<p>1\u00b0 A\u00f1o de la Tecnicatura Superior en Hoteler\u00eda.<\/p>\n\n\n\n<p>2\u00b0 A\u00f1o de la Tecnicatura Superior en Tecnolog\u00eda de los Alimentos.<\/p>\n\n\n\n<p>3\u00b0 A\u00f1o de la Tecnicatura Superior en Turismo.<\/p>\n\n\n\n<p><strong>Horario:<\/strong><\/p>\n\n\n\n<p>El horario de funcionamiento es de Lunes a Viernes de 18:45 a 23:45 Hs.<\/p>\n","protected":false},"excerpt":{"rendered":"<p>Datos institucionales Nombre Completo: Subsede Concepci\u00f3n del Yaguaret\u00e9 Cor\u00e1. Coordinador: Gast\u00f3n Ramirez Direcci\u00f3n: Mart\u00edn Miguel de G\u00fcemes 555, Concepci\u00f3n del Yaguaret\u00e9 Cor\u00e1. Ubicaci\u00f3n Google Maps: Esc. Normal \u201cTambor de Tacuar\u00ed\u201d C\u00f3digo Postal: 3423 E-mail Oficial: subsedeconcepcion@gmail.com Tel\u00e9fono: 3782 526855 (Coordinador Subsede). En la Subsede Concepci\u00f3n del Yaguaret\u00e9 Cor\u00e1 actualmente se dictan las siguientes carreras: 1\u00b0 &#8230; <a title=\"Subsede Concepci\u00f3n del Yaguaret\u00e9 Cor\u00e1\" class=\"read-more\" href=\"https:\/\/isfdmburucuya-crr.infd.edu.ar\/sitio\/subsede-concepcion\/\" aria-label=\"More on Subsede Concepci\u00f3n del Yaguaret\u00e9 Cor\u00e1\">[+]<\/a><\/p>\n","protected":false},"author":188,"featured_media":0,"parent":0,"menu_order":0,"comment_status":"closed","ping_status":"closed","template":"","meta":[],"acf":[],"_links":{"self":[{"href":"https:\/\/isfdmburucuya-crr.infd.edu.ar\/sitio\/wp-json\/wp\/v2\/pages\/1140"}],"collection":[{"href":"https:\/\/isfdmburucuya-crr.infd.edu.ar\/sitio\/wp-json\/wp\/v2\/pages"}],"about":[{"href":"https:\/\/isfdmburucuya-crr.infd.edu.ar\/sitio\/wp-json\/wp\/v2\/types\/page"}],"author":[{"embeddable":true,"href":"https:\/\/isfdmburucuya-crr.infd.edu.ar\/sitio\/wp-json\/wp\/v2\/users\/188"}],"replies":[{"embeddable":true,"href":"https:\/\/isfdmburucuya-crr.infd.edu.ar\/sitio\/wp-json\/wp\/v2\/comments?post=1140"}],"version-history":[{"count":3,"href":"https:\/\/isfdmburucuya-crr.infd.edu.ar\/sitio\/wp-json\/wp\/v2\/pages\/1140\/revisions"}],"predecessor-version":[{"id":1156,"href":"https:\/\/isfdmburucuya-crr.infd.edu.ar\/sitio\/wp-json\/wp\/v2\/pages\/1140\/revisions\/1156"}],"wp:attachment":[{"href":"https:\/\/isfdmburucuya-crr.infd.edu.ar\/sitio\/wp-json\/wp\/v2\/media?parent=1140"}],"curies":[{"name":"wp","href":"https:\/\/api.w.org\/{rel}","templated":true}]}}