{"id":1137,"date":"2023-04-27T09:47:42","date_gmt":"2023-04-27T12:47:42","guid":{"rendered":"https:\/\/isfdmburucuya-crr.infd.edu.ar\/sitio\/?page_id=1137"},"modified":"2023-04-27T19:00:27","modified_gmt":"2023-04-27T22:00:27","slug":"sede","status":"publish","type":"page","link":"https:\/\/isfdmburucuya-crr.infd.edu.ar\/sitio\/sede\/","title":{"rendered":"Sede"},"content":{"rendered":"\n<p class=\"has-large-font-size\"><strong>Datos Institucionales<\/strong><\/p>\n\n\n\n<p><strong>Nombre Completo<\/strong>: Instituto Superior de Formaci\u00f3n Docente Mburucuy\u00e1.<\/p>\n\n\n\n<p><strong>C\u00f3digo Postal<\/strong>: 3427<\/p>\n\n\n\n<p><strong>Direcci\u00f3n:<\/strong> <a href=\"https:\/\/goo.gl\/maps\/JeJ4qskGt9stt7W87\" data-type=\"URL\" data-id=\"https:\/\/goo.gl\/maps\/JeJ4qskGt9stt7W87\" target=\"_blank\" rel=\"noreferrer noopener\">Lavalle N\u00b0 281 (Mburucuy\u00e1)<\/a><\/p>\n\n\n\n<p><strong>E-mail Oficial: <\/strong>1801773-00@mec.gob.ar<\/p>\n\n\n\n<p><strong>URL: <\/strong><a href=\"https:\/\/isfdmburucuya-crr.infd.edu.ar\/\">http:\/\/isfdmburucuya.crr.infd.edu.ar<\/a> <\/p>\n\n\n\n<p><strong>Facebook:<\/strong><a rel=\"noreferrer noopener\" href=\"https:\/\/www.facebook.com\/isfdmburucuya?mibextid=ZbWKwL\" target=\"_blank\"> ISFD Mburucuy\u00e1<\/a><\/p>\n\n\n\n<p><strong>Instagram: <\/strong><a rel=\"noreferrer noopener\" href=\"https:\/\/www.instagram.com\/isfd_mburucuya\/?igshid=YmMyMTA2M2Y=\" target=\"_blank\">isfd_mburucuya<\/a><\/p>\n\n\n<hr>\n<p sytle=\"text-align:justify\">El <strong>Instituto Superior de Formaci\u00f3n Docente \u00abMburucuy\u00e1\u00bb<\/strong> forma parte del sistema de educaci\u00f3n p\u00fablica de gesti\u00f3n estatal.<br>Tiene como uno de sus principales objetivos formar t\u00e9cnicos y Docentes que se caractericen por la solidez de su formaci\u00f3n y por su compromiso con la sociedad de la que formen parte, atendiendo a las expectativas y demandas de la poblaci\u00f3n como a los requerimientos del sistema cultural y de la estructura productiva.<\/p>\n<p><!-- \/wp:paragraph --><\/p>\n<p><!-- wp:paragraph --><\/p>\n<p sytle=\"text-align:justify\">A trav\u00e9s de este sitio en Internet, nuestro Instituto podr\u00e1 comunicar novedades, acercar informaci\u00f3n, compartir experiencias y brindar apoyo y asesoramiento a alumnos, docentes e interesados en formar parte de esta comunidad educativa.<\/p>\n<p><!-- \/wp:paragraph --><\/p>\n<p><!-- wp:paragraph --><\/p>\n<p sytle=\"text-align:justify\">Junto con varios cientos de Institutos, integramos la&nbsp;<strong>Red Virtual de Institutos Superiores de Formaci\u00f3n Docente<\/strong>&nbsp;coordinada por el&nbsp;<strong>INFD<\/strong>&nbsp;(Instituto Nacional de Formaci\u00f3n Docente) dependiente del Ministerio de Educaci\u00f3n de la Naci\u00f3n Argentina.<\/p>","protected":false},"excerpt":{"rendered":"<p>Datos Institucionales Nombre Completo: Instituto Superior de Formaci\u00f3n Docente Mburucuy\u00e1. C\u00f3digo Postal: 3427 Direcci\u00f3n: Lavalle N\u00b0 281 (Mburucuy\u00e1) E-mail Oficial: 1801773-00@mec.gob.ar URL: http:\/\/isfdmburucuya.crr.infd.edu.ar Facebook: ISFD Mburucuy\u00e1 Instagram: isfd_mburucuya El Instituto Superior de Formaci\u00f3n Docente \u00abMburucuy\u00e1\u00bb forma parte del sistema de educaci\u00f3n p\u00fablica de gesti\u00f3n estatal.Tiene como uno de sus principales objetivos formar t\u00e9cnicos y Docentes &#8230; <a title=\"Sede\" class=\"read-more\" href=\"https:\/\/isfdmburucuya-crr.infd.edu.ar\/sitio\/sede\/\" aria-label=\"More on Sede\">[+]<\/a><\/p>\n","protected":false},"author":188,"featured_media":0,"parent":0,"menu_order":0,"comment_status":"closed","ping_status":"closed","template":"","meta":[],"acf":[],"_links":{"self":[{"href":"https:\/\/isfdmburucuya-crr.infd.edu.ar\/sitio\/wp-json\/wp\/v2\/pages\/1137"}],"collection":[{"href":"https:\/\/isfdmburucuya-crr.infd.edu.ar\/sitio\/wp-json\/wp\/v2\/pages"}],"about":[{"href":"https:\/\/isfdmburucuya-crr.infd.edu.ar\/sitio\/wp-json\/wp\/v2\/types\/page"}],"author":[{"embeddable":true,"href":"https:\/\/isfdmburucuya-crr.infd.edu.ar\/sitio\/wp-json\/wp\/v2\/users\/188"}],"replies":[{"embeddable":true,"href":"https:\/\/isfdmburucuya-crr.infd.edu.ar\/sitio\/wp-json\/wp\/v2\/comments?post=1137"}],"version-history":[{"count":6,"href":"https:\/\/isfdmburucuya-crr.infd.edu.ar\/sitio\/wp-json\/wp\/v2\/pages\/1137\/revisions"}],"predecessor-version":[{"id":1167,"href":"https:\/\/isfdmburucuya-crr.infd.edu.ar\/sitio\/wp-json\/wp\/v2\/pages\/1137\/revisions\/1167"}],"wp:attachment":[{"href":"https:\/\/isfdmburucuya-crr.infd.edu.ar\/sitio\/wp-json\/wp\/v2\/media?parent=1137"}],"curies":[{"name":"wp","href":"https:\/\/api.w.org\/{rel}","templated":true}]}}