{"id":1112,"date":"2023-04-25T16:52:22","date_gmt":"2023-04-25T19:52:22","guid":{"rendered":"https:\/\/isfdmburucuya-crr.infd.edu.ar\/sitio\/?page_id=1112"},"modified":"2023-04-27T20:29:07","modified_gmt":"2023-04-27T23:29:07","slug":"tecnicatura-superior-en-turismo-2","status":"publish","type":"page","link":"https:\/\/isfdmburucuya-crr.infd.edu.ar\/sitio\/tecnicatura-superior-en-turismo-2\/","title":{"rendered":"Tecnicatura Superior en Turismo"},"content":{"rendered":"\n<p><strong>Perfil del Egresado<\/strong><\/p>\n\n\n\n<p class=\"has-contrast-color has-text-color\">El T\u00e9cnico Superior en Turismo estar\u00e1 habilitado para desempe\u00f1arse en tareas vinculadas al turismo, en distintos \u00e1mbitos de<br>acci\u00f3n del sector p\u00fablico, privado y ONG, elaborando planes y proyectos tur\u00edsticos, desarrollando actividades de gesti\u00f3n operativa en empresas y organismos de turismo como as\u00ed tambi\u00e9n asesoramiento sobre turismo.<br>Otras actividades que permite este perfil es colaborar en la administraci\u00f3n y gesti\u00f3n de servicios tur\u00edsticos, coordinar la programaci\u00f3n y promoci\u00f3n  de grupos tur\u00edsticos: su recepci\u00f3n, traslado, acompa\u00f1amiento, informaci\u00f3n y gu\u00eda.<br>Participar en la programaci\u00f3n y organizaci\u00f3n de empresas vinculadas a los distintos servicios tur\u00edsticos como agencias de viajes, hoteles y otros prestadores.<\/p>\n\n\n\n<p><strong>Dise\u00f1o Curricular<\/strong><\/p>\n\n\n\n<figure class=\"wp-block-image size-full is-resized\"><a href=\"http:\/\/www.dgescorrientes.net\/distec2017\/DC-Tec-Turismo.pdf\" target=\"_blank\" rel=\"noreferrer noopener\"><img decoding=\"async\" loading=\"lazy\" src=\"https:\/\/isfdmburucuya-crr.infd.edu.ar\/sitio\/wp-content\/uploads\/2022\/10\/07270110f32db5b5cba709d8c4294b1f.png\" alt=\"\" class=\"wp-image-958\" width=\"200\" height=\"200\" srcset=\"https:\/\/isfdmburucuya-crr.infd.edu.ar\/sitio\/wp-content\/uploads\/2022\/10\/07270110f32db5b5cba709d8c4294b1f.png 512w, https:\/\/isfdmburucuya-crr.infd.edu.ar\/sitio\/wp-content\/uploads\/2022\/10\/07270110f32db5b5cba709d8c4294b1f-500x500.png 500w\" sizes=\"(max-width: 200px) 100vw, 200px\" \/><\/a><\/figure>\n\n\n\n<p><strong>Duraci\u00f3n:&nbsp;<\/strong>3 a\u00f1os.<\/p>\n\n\n\n<p><strong>Horario de Cursado:<\/strong>&nbsp;13:10 a 18:10 Hs.<\/p>\n","protected":false},"excerpt":{"rendered":"<p>Perfil del Egresado El T\u00e9cnico Superior en Turismo estar\u00e1 habilitado para desempe\u00f1arse en tareas vinculadas al turismo, en distintos \u00e1mbitos deacci\u00f3n del sector p\u00fablico, privado y ONG, elaborando planes y proyectos tur\u00edsticos, desarrollando actividades de gesti\u00f3n operativa en empresas y organismos de turismo como as\u00ed tambi\u00e9n asesoramiento sobre turismo.Otras actividades que permite este perfil es &#8230; <a title=\"Tecnicatura Superior en Turismo\" class=\"read-more\" href=\"https:\/\/isfdmburucuya-crr.infd.edu.ar\/sitio\/tecnicatura-superior-en-turismo-2\/\" aria-label=\"More on Tecnicatura Superior en Turismo\">[+]<\/a><\/p>\n","protected":false},"author":139,"featured_media":0,"parent":0,"menu_order":0,"comment_status":"closed","ping_status":"closed","template":"","meta":[],"acf":[],"_links":{"self":[{"href":"https:\/\/isfdmburucuya-crr.infd.edu.ar\/sitio\/wp-json\/wp\/v2\/pages\/1112"}],"collection":[{"href":"https:\/\/isfdmburucuya-crr.infd.edu.ar\/sitio\/wp-json\/wp\/v2\/pages"}],"about":[{"href":"https:\/\/isfdmburucuya-crr.infd.edu.ar\/sitio\/wp-json\/wp\/v2\/types\/page"}],"author":[{"embeddable":true,"href":"https:\/\/isfdmburucuya-crr.infd.edu.ar\/sitio\/wp-json\/wp\/v2\/users\/139"}],"replies":[{"embeddable":true,"href":"https:\/\/isfdmburucuya-crr.infd.edu.ar\/sitio\/wp-json\/wp\/v2\/comments?post=1112"}],"version-history":[{"count":9,"href":"https:\/\/isfdmburucuya-crr.infd.edu.ar\/sitio\/wp-json\/wp\/v2\/pages\/1112\/revisions"}],"predecessor-version":[{"id":1199,"href":"https:\/\/isfdmburucuya-crr.infd.edu.ar\/sitio\/wp-json\/wp\/v2\/pages\/1112\/revisions\/1199"}],"wp:attachment":[{"href":"https:\/\/isfdmburucuya-crr.infd.edu.ar\/sitio\/wp-json\/wp\/v2\/media?parent=1112"}],"curies":[{"name":"wp","href":"https:\/\/api.w.org\/{rel}","templated":true}]}}