{"id":1065,"date":"2023-04-24T18:07:47","date_gmt":"2023-04-24T21:07:47","guid":{"rendered":"https:\/\/isfdmburucuya-crr.infd.edu.ar\/sitio\/?page_id=1065"},"modified":"2023-04-26T22:27:36","modified_gmt":"2023-04-27T01:27:36","slug":"profesorado-de-educacion-secundaria-en-historia","status":"publish","type":"page","link":"https:\/\/isfdmburucuya-crr.infd.edu.ar\/sitio\/profesorado-de-educacion-secundaria-en-historia\/","title":{"rendered":"Profesorado de Educaci\u00f3n Secundaria en Historia"},"content":{"rendered":"\n<h4 class=\"is-style-default wp-block-heading\">Perfil del Egresado<\/h4>\n\n\n\n<p>El Egresado del Profesorado de Educaci\u00f3n Secundaria en Historia podr\u00e1 ejercer el rol docente de la especialidad Historia en todas las instituciones educativas del Sistema Educativo Nacional, en el \u00e1mbito estatal y privado, en todo el territorio de la Rep\u00fablica Argentina.<\/p>\n\n\n\n<h4 class=\"wp-block-heading\">Dise\u00f1o Curricular.<\/h4>\n\n\n\n<figure class=\"wp-block-image size-full is-resized\"><a href=\"http:\/\/www.dgescorrientes.net\/discur\/DisCurricular-Historia-Res-4657-2015.pdf\" target=\"_blank\" rel=\"noreferrer noopener\"><img decoding=\"async\" loading=\"lazy\" src=\"https:\/\/isfdmburucuya-crr.infd.edu.ar\/sitio\/wp-content\/uploads\/2023\/04\/image.png\" alt=\"\" class=\"wp-image-1076\" width=\"128\" height=\"128\" srcset=\"https:\/\/isfdmburucuya-crr.infd.edu.ar\/sitio\/wp-content\/uploads\/2023\/04\/image.png 512w, https:\/\/isfdmburucuya-crr.infd.edu.ar\/sitio\/wp-content\/uploads\/2023\/04\/image-500x500.png 500w\" sizes=\"(max-width: 128px) 100vw, 128px\" \/><\/a><\/figure>\n\n\n\n<p><strong>Duraci\u00f3n:<\/strong>&nbsp;4 a\u00f1os<\/p>\n\n\n\n<p><strong>Horario de Cursado:<\/strong>&nbsp;de 18:20 a 23:20 Hs<\/p>\n","protected":false},"excerpt":{"rendered":"<p>Perfil del Egresado El Egresado del Profesorado de Educaci\u00f3n Secundaria en Historia podr\u00e1 ejercer el rol docente de la especialidad Historia en todas las instituciones educativas del Sistema Educativo Nacional, en el \u00e1mbito estatal y privado, en todo el territorio de la Rep\u00fablica Argentina. Dise\u00f1o Curricular. Duraci\u00f3n:&nbsp;4 a\u00f1os Horario de Cursado:&nbsp;de 18:20 a 23:20 Hs<\/p>\n","protected":false},"author":139,"featured_media":0,"parent":0,"menu_order":0,"comment_status":"closed","ping_status":"closed","template":"","meta":[],"acf":[],"_links":{"self":[{"href":"https:\/\/isfdmburucuya-crr.infd.edu.ar\/sitio\/wp-json\/wp\/v2\/pages\/1065"}],"collection":[{"href":"https:\/\/isfdmburucuya-crr.infd.edu.ar\/sitio\/wp-json\/wp\/v2\/pages"}],"about":[{"href":"https:\/\/isfdmburucuya-crr.infd.edu.ar\/sitio\/wp-json\/wp\/v2\/types\/page"}],"author":[{"embeddable":true,"href":"https:\/\/isfdmburucuya-crr.infd.edu.ar\/sitio\/wp-json\/wp\/v2\/users\/139"}],"replies":[{"embeddable":true,"href":"https:\/\/isfdmburucuya-crr.infd.edu.ar\/sitio\/wp-json\/wp\/v2\/comments?post=1065"}],"version-history":[{"count":2,"href":"https:\/\/isfdmburucuya-crr.infd.edu.ar\/sitio\/wp-json\/wp\/v2\/pages\/1065\/revisions"}],"predecessor-version":[{"id":1134,"href":"https:\/\/isfdmburucuya-crr.infd.edu.ar\/sitio\/wp-json\/wp\/v2\/pages\/1065\/revisions\/1134"}],"wp:attachment":[{"href":"https:\/\/isfdmburucuya-crr.infd.edu.ar\/sitio\/wp-json\/wp\/v2\/media?parent=1065"}],"curies":[{"name":"wp","href":"https:\/\/api.w.org\/{rel}","templated":true}]}}